{"id":2136,"date":"2026-02-09T18:58:16","date_gmt":"2026-02-09T18:58:16","guid":{"rendered":"https:\/\/3c-brandschutz.ch\/?page_id=2136"},"modified":"2026-02-15T19:10:17","modified_gmt":"2026-02-15T19:10:17","slug":"weihnachtsessen","status":"publish","type":"page","link":"https:\/\/3c-brandschutz.ch\/index.php\/weihnachtsessen\/","title":{"rendered":"Weihnachtsessen"},"content":{"rendered":"\t\t<div data-elementor-type=\"wp-page\" data-elementor-id=\"2136\" class=\"elementor elementor-2136\">\n\t\t\t\t<div class=\"elementor-element elementor-element-11e4fb3 e-flex e-con-boxed lakit-col-width-auto-no e-container e-root-container elementor-top-section e-con e-parent\" data-id=\"11e4fb3\" data-element_type=\"container\" data-e-type=\"container\" data-settings=\"{&quot;background_background&quot;:&quot;classic&quot;,&quot;background_motion_fx_motion_fx_scrolling&quot;:&quot;yes&quot;,&quot;background_motion_fx_translateY_effect&quot;:&quot;yes&quot;,&quot;background_motion_fx_translateY_speed&quot;:{&quot;unit&quot;:&quot;px&quot;,&quot;size&quot;:3,&quot;sizes&quot;:[]},&quot;background_motion_fx_translateY_affectedRange&quot;:{&quot;unit&quot;:&quot;%&quot;,&quot;size&quot;:&quot;&quot;,&quot;sizes&quot;:{&quot;start&quot;:20,&quot;end&quot;:80}},&quot;background_motion_fx_devices&quot;:[&quot;mobile&quot;,&quot;mobile_extra&quot;,&quot;tablet&quot;,&quot;laptop&quot;,&quot;desktop&quot;]}\">\n\t\t\t\t\t<div class=\"e-con-inner\">\n\t\t\t\t<div class=\"elementor-element elementor-element-246b817 elementor-widget elementor-widget-heading\" data-id=\"246b817\" data-element_type=\"widget\" data-e-type=\"widget\" data-widget_type=\"heading.default\">\n\t\t\t\t\t<h1 class=\"elementor-heading-title elementor-size-default\">Das Weihnachtsessen<\/h1>\t\t\t\t<\/div>\n\t\t\t\t<div class=\"elementor-element elementor-element-c6950fe elementor-widget-divider--view-line elementor-widget elementor-widget-divider\" data-id=\"c6950fe\" data-element_type=\"widget\" data-e-type=\"widget\" data-widget_type=\"divider.default\">\n\t\t\t\t\t\t\t<div class=\"elementor-divider\">\n\t\t\t<span class=\"elementor-divider-separator\">\n\t\t\t\t\t\t<\/span>\n\t\t<\/div>\n\t\t\t\t\t\t<\/div>\n\t\t\t\t\t<\/div>\n\t\t\t\t<\/div>\n\t\t<div class=\"elementor-element elementor-element-6f96de4 e-flex e-con-boxed lakit-col-width-auto-no e-container e-root-container elementor-top-section e-con e-parent\" data-id=\"6f96de4\" data-element_type=\"container\" data-e-type=\"container\">\n\t\t\t\t\t<div class=\"e-con-inner\">\n\t\t\t\t<div class=\"elementor-element elementor-element-e58ef9b elementor-widget elementor-widget-heading\" data-id=\"e58ef9b\" data-element_type=\"widget\" data-e-type=\"widget\" data-widget_type=\"heading.default\">\n\t\t\t\t\t<div class=\"elementor-heading-title elementor-size-default\">3C bRandschutz ch<\/div>\t\t\t\t<\/div>\n\t\t\t\t<div class=\"elementor-element elementor-element-ba47a82 elementor-widget elementor-widget-text-editor\" data-id=\"ba47a82\" data-element_type=\"widget\" data-e-type=\"widget\" data-widget_type=\"text-editor.default\">\n\t\t\t\t\t\t\t\t\t<p>Das Weihnachtsessen mit der Firma 3c ist jedes Jahr ein besonderer Moment des Innehaltens. In festlicher Atmosph\u00e4re kommen Kolleginnen und Kollegen zusammen, um das vergangene Jahr Revue passieren zu lassen, Erfolge zu feiern und den Teamgeist zu st\u00e4rken. Bei gutem Essen, angenehmen Gespr\u00e4chen und weihnachtlicher Stimmung entsteht ein Rahmen, der Wertsch\u00e4tzung, Zusammenhalt und Freude verbindet.<\/p>\t\t\t\t\t\t\t\t<\/div>\n\t\t\t\t<div class=\"elementor-element elementor-element-dc30143 elementor-arrows-position-inside elementor-pagination-position-outside elementor-widget elementor-widget-image-carousel\" data-id=\"dc30143\" data-element_type=\"widget\" data-e-type=\"widget\" data-settings=\"{&quot;navigation&quot;:&quot;both&quot;,&quot;autoplay&quot;:&quot;yes&quot;,&quot;pause_on_hover&quot;:&quot;yes&quot;,&quot;pause_on_interaction&quot;:&quot;yes&quot;,&quot;autoplay_speed&quot;:5000,&quot;infinite&quot;:&quot;yes&quot;,&quot;speed&quot;:500}\" data-widget_type=\"image-carousel.default\">\n\t\t\t\t\t\t\t<div class=\"elementor-image-carousel-wrapper swiper\" role=\"region\" aria-roledescription=\"carousel\" aria-label=\"Image Carousel\" dir=\"ltr\">\n\t\t\t<div class=\"elementor-image-carousel swiper-wrapper\" aria-live=\"off\">\n\t\t\t\t\t\t\t\t<div class=\"swiper-slide\" role=\"group\" aria-roledescription=\"slide\" aria-label=\"1 of 5\"><figure class=\"swiper-slide-inner\"><img decoding=\"async\" class=\"swiper-slide-image\" src=\"https:\/\/3c-brandschutz.ch\/wp-content\/uploads\/2026\/02\/bashk.jpeg\" alt=\"bashk\" \/><\/figure><\/div><div class=\"swiper-slide\" role=\"group\" aria-roledescription=\"slide\" aria-label=\"2 of 5\"><figure class=\"swiper-slide-inner\"><img decoding=\"async\" class=\"swiper-slide-image\" src=\"https:\/\/3c-brandschutz.ch\/wp-content\/uploads\/2026\/02\/bashk-2.jpeg\" alt=\"bashk 2\" \/><\/figure><\/div><div class=\"swiper-slide\" role=\"group\" aria-roledescription=\"slide\" aria-label=\"3 of 5\"><figure class=\"swiper-slide-inner\"><img decoding=\"async\" class=\"swiper-slide-image\" src=\"https:\/\/3c-brandschutz.ch\/wp-content\/uploads\/2026\/02\/bashk-3.jpeg\" alt=\"bashk 3\" \/><\/figure><\/div><div class=\"swiper-slide\" role=\"group\" aria-roledescription=\"slide\" aria-label=\"4 of 5\"><figure class=\"swiper-slide-inner\"><img decoding=\"async\" class=\"swiper-slide-image\" src=\"https:\/\/3c-brandschutz.ch\/wp-content\/uploads\/2026\/02\/bashk-4.jpeg\" alt=\"bashk 4\" \/><\/figure><\/div><div class=\"swiper-slide\" role=\"group\" aria-roledescription=\"slide\" aria-label=\"5 of 5\"><figure class=\"swiper-slide-inner\"><img decoding=\"async\" class=\"swiper-slide-image\" src=\"https:\/\/3c-brandschutz.ch\/wp-content\/uploads\/2026\/02\/dabi.jpeg\" alt=\"dabi\" \/><\/figure><\/div>\t\t\t<\/div>\n\t\t\t\t\t\t\t\t\t\t\t\t<div class=\"elementor-swiper-button elementor-swiper-button-prev\" role=\"button\" tabindex=\"0\">\n\t\t\t\t\t\t<svg aria-hidden=\"true\" class=\"e-font-icon-svg e-eicon-chevron-left\" viewBox=\"0 0 1000 1000\" xmlns=\"http:\/\/www.w3.org\/2000\/svg\"><path d=\"M646 125C629 125 613 133 604 142L308 442C296 454 292 471 292 487 292 504 296 521 308 533L604 854C617 867 629 875 646 875 663 875 679 871 692 858 704 846 713 829 713 812 713 796 708 779 692 767L438 487 692 225C700 217 708 204 708 187 708 171 704 154 692 142 675 129 663 125 646 125Z\"><\/path><\/svg>\t\t\t\t\t<\/div>\n\t\t\t\t\t<div class=\"elementor-swiper-button elementor-swiper-button-next\" role=\"button\" tabindex=\"0\">\n\t\t\t\t\t\t<svg aria-hidden=\"true\" class=\"e-font-icon-svg e-eicon-chevron-right\" viewBox=\"0 0 1000 1000\" xmlns=\"http:\/\/www.w3.org\/2000\/svg\"><path d=\"M696 533C708 521 713 504 713 487 713 471 708 454 696 446L400 146C388 133 375 125 354 125 338 125 325 129 313 142 300 154 292 171 292 187 292 204 296 221 308 233L563 492 304 771C292 783 288 800 288 817 288 833 296 850 308 863 321 871 338 875 354 875 371 875 388 867 400 854L696 533Z\"><\/path><\/svg>\t\t\t\t\t<\/div>\n\t\t\t\t\n\t\t\t\t\t\t\t\t\t<div class=\"swiper-pagination\"><\/div>\n\t\t\t\t\t\t\t\t\t<\/div>\n\t\t\t\t\t\t<\/div>\n\t\t\t\t\t<\/div>\n\t\t\t\t<\/div>\n\t\t\t\t<\/div>\n\t\t","protected":false},"excerpt":{"rendered":"<p>Das Weihnachtsessen 3C bRandschutz ch Das Weihnachtsessen mit der Firma 3c ist jedes Jahr ein besonderer Moment des Innehaltens. In festlicher Atmosph\u00e4re kommen Kolleginnen und Kollegen zusammen, um das vergangene Jahr Revue passieren zu lassen, Erfolge zu feiern und den Teamgeist zu st\u00e4rken. Bei gutem Essen, angenehmen Gespr\u00e4chen und weihnachtlicher&hellip;<\/p>\n","protected":false},"author":1,"featured_media":0,"parent":0,"menu_order":0,"comment_status":"closed","ping_status":"closed","template":"","meta":{"footnotes":""},"class_list":["post-2136","page","type-page","status-publish","hentry"],"_links":{"self":[{"href":"https:\/\/3c-brandschutz.ch\/index.php\/wp-json\/wp\/v2\/pages\/2136","targetHints":{"allow":["GET"]}}],"collection":[{"href":"https:\/\/3c-brandschutz.ch\/index.php\/wp-json\/wp\/v2\/pages"}],"about":[{"href":"https:\/\/3c-brandschutz.ch\/index.php\/wp-json\/wp\/v2\/types\/page"}],"author":[{"embeddable":true,"href":"https:\/\/3c-brandschutz.ch\/index.php\/wp-json\/wp\/v2\/users\/1"}],"replies":[{"embeddable":true,"href":"https:\/\/3c-brandschutz.ch\/index.php\/wp-json\/wp\/v2\/comments?post=2136"}],"version-history":[{"count":10,"href":"https:\/\/3c-brandschutz.ch\/index.php\/wp-json\/wp\/v2\/pages\/2136\/revisions"}],"predecessor-version":[{"id":2210,"href":"https:\/\/3c-brandschutz.ch\/index.php\/wp-json\/wp\/v2\/pages\/2136\/revisions\/2210"}],"wp:attachment":[{"href":"https:\/\/3c-brandschutz.ch\/index.php\/wp-json\/wp\/v2\/media?parent=2136"}],"curies":[{"name":"wp","href":"https:\/\/api.w.org\/{rel}","templated":true}]}}