{"id":1863,"date":"2026-02-07T15:33:10","date_gmt":"2026-02-07T15:33:10","guid":{"rendered":"https:\/\/3c-brandschutz.ch\/?page_id=1863"},"modified":"2026-02-14T15:54:16","modified_gmt":"2026-02-14T15:54:16","slug":"isolierungen","status":"publish","type":"page","link":"https:\/\/3c-brandschutz.ch\/index.php\/isolierungen\/","title":{"rendered":"Isolierungen"},"content":{"rendered":"\t\t<div data-elementor-type=\"wp-page\" data-elementor-id=\"1863\" class=\"elementor elementor-1863\">\n\t\t\t\t<div class=\"elementor-element elementor-element-11e4fb3 e-flex e-con-boxed lakit-col-width-auto-no e-container e-root-container elementor-top-section e-con e-parent\" data-id=\"11e4fb3\" data-element_type=\"container\" data-e-type=\"container\" data-settings=\"{&quot;background_background&quot;:&quot;classic&quot;,&quot;background_motion_fx_motion_fx_scrolling&quot;:&quot;yes&quot;,&quot;background_motion_fx_translateY_effect&quot;:&quot;yes&quot;,&quot;background_motion_fx_translateY_speed&quot;:{&quot;unit&quot;:&quot;px&quot;,&quot;size&quot;:3,&quot;sizes&quot;:[]},&quot;background_motion_fx_translateY_affectedRange&quot;:{&quot;unit&quot;:&quot;%&quot;,&quot;size&quot;:&quot;&quot;,&quot;sizes&quot;:{&quot;start&quot;:20,&quot;end&quot;:80}},&quot;background_motion_fx_devices&quot;:[&quot;mobile&quot;,&quot;mobile_extra&quot;,&quot;tablet&quot;,&quot;laptop&quot;,&quot;desktop&quot;]}\">\n\t\t\t\t\t<div class=\"e-con-inner\">\n\t\t\t\t<div class=\"elementor-element elementor-element-246b817 elementor-widget elementor-widget-heading\" data-id=\"246b817\" data-element_type=\"widget\" data-e-type=\"widget\" data-widget_type=\"heading.default\">\n\t\t\t\t\t<h1 class=\"elementor-heading-title elementor-size-default\">Isolierungen<\/h1>\t\t\t\t<\/div>\n\t\t\t\t<div class=\"elementor-element elementor-element-c6950fe elementor-widget-divider--view-line elementor-widget elementor-widget-divider\" data-id=\"c6950fe\" data-element_type=\"widget\" data-e-type=\"widget\" data-widget_type=\"divider.default\">\n\t\t\t\t\t\t\t<div class=\"elementor-divider\">\n\t\t\t<span class=\"elementor-divider-separator\">\n\t\t\t\t\t\t<\/span>\n\t\t<\/div>\n\t\t\t\t\t\t<\/div>\n\t\t\t\t<div class=\"elementor-element elementor-element-90a2d0e elementor-widget elementor-widget-heading\" data-id=\"90a2d0e\" data-element_type=\"widget\" data-e-type=\"widget\" data-widget_type=\"heading.default\">\n\t\t\t\t\t<div class=\"elementor-heading-title elementor-size-default\">Zuverl\u00e4ssiger Brandschutz f\u00fcr Mensch und Objekt.<\/div>\t\t\t\t<\/div>\n\t\t\t\t\t<\/div>\n\t\t\t\t<\/div>\n\t\t<div class=\"elementor-element elementor-element-6f96de4 e-flex e-con-boxed lakit-col-width-auto-no e-container e-root-container elementor-top-section e-con e-parent\" data-id=\"6f96de4\" data-element_type=\"container\" data-e-type=\"container\">\n\t\t\t\t\t<div class=\"e-con-inner\">\n\t\t\t\t<div class=\"elementor-element elementor-element-e58ef9b elementor-widget elementor-widget-heading\" data-id=\"e58ef9b\" data-element_type=\"widget\" data-e-type=\"widget\" data-widget_type=\"heading.default\">\n\t\t\t\t\t<div class=\"elementor-heading-title elementor-size-default\">3C Isolierungen<\/div>\t\t\t\t<\/div>\n\t\t\t\t<div class=\"elementor-element elementor-element-ff3598e elementor-widget elementor-widget-heading\" data-id=\"ff3598e\" data-element_type=\"widget\" data-e-type=\"widget\" data-widget_type=\"heading.default\">\n\t\t\t\t\t<h2 class=\"elementor-heading-title elementor-size-default\">Was wir machen<\/h2>\t\t\t\t<\/div>\n\t\t\t\t<div class=\"elementor-element elementor-element-3fd0004 enable-c-height-true lakit-dots-v-align-bottom bannerlist--preset-default lakit-arrow--showonhover-no lakit-dots--vertical-no elementor-widget lastudio-kit elementor-lakit-banner-list\" data-id=\"3fd0004\" data-element_type=\"widget\" data-e-type=\"widget\" data-widget_type=\"lakit-banner-list.default\">\n\t\t\t\t\t<style>.elementor-element-3fd0004 .swiper-wrapper{--e-c-col:3}@media(max-width: 1730px){.elementor-element-3fd0004 .swiper-wrapper{--e-c-col:3}}@media(max-width: 1279px){.elementor-element-3fd0004 .swiper-wrapper{--e-c-col:2}}@media(max-width: 991px){.elementor-element-3fd0004 .swiper-wrapper{--e-c-col:2}}@media(max-width: 767px){.elementor-element-3fd0004 .swiper-wrapper{--e-c-col:1}}<\/style>\n<div class=\"lakit-bannerlist layout-type-overlay preset-default lakit-carousel\" data-item_selector=\".lakit-bannerlist__item\" data-slider_options=\"{&quot;slidesToScroll&quot;:{&quot;desktop&quot;:&quot;2&quot;,&quot;laptop&quot;:&quot;2&quot;,&quot;tablet&quot;:&quot;2&quot;,&quot;mobile_extra&quot;:&quot;2&quot;},&quot;rows&quot;:{&quot;desktop&quot;:&quot;1&quot;,&quot;laptop&quot;:&quot;1&quot;,&quot;tablet&quot;:&quot;1&quot;,&quot;mobile_extra&quot;:&quot;1&quot;},&quot;autoplaySpeed&quot;:5000,&quot;autoplay&quot;:false,&quot;infinite&quot;:false,&quot;centerMode&quot;:false,&quot;pauseOnHover&quot;:false,&quot;pauseOnInteraction&quot;:false,&quot;reverseDirection&quot;:false,&quot;infiniteEffect&quot;:false,&quot;speed&quot;:500,&quot;arrows&quot;:false,&quot;dots&quot;:true,&quot;variableWidth&quot;:false,&quot;prevArrow&quot;:&quot;.lakit-carousel__prev-arrow-3fd0004&quot;,&quot;nextArrow&quot;:&quot;.lakit-carousel__next-arrow-3fd0004&quot;,&quot;dotsElm&quot;:&quot;.lakit-carousel__dots_3fd0004&quot;,&quot;rtl&quot;:false,&quot;effect&quot;:&quot;slide&quot;,&quot;coverflowEffect&quot;:{&quot;rotate&quot;:null,&quot;stretch&quot;:null,&quot;depth&quot;:null,&quot;modifier&quot;:null,&quot;scale&quot;:null},&quot;creativeEffect&quot;:{&quot;translateX&quot;:100},&quot;dotType&quot;:&quot;bullets&quot;,&quot;direction&quot;:&quot;horizontal&quot;,&quot;uniqueID&quot;:&quot;lakit_carousel_3fd0004&quot;,&quot;asFor&quot;:&quot;&quot;,&quot;thumbs&quot;:&quot;&quot;,&quot;autoHeight&quot;:false,&quot;scrollbar&quot;:{&quot;enabled&quot;:false,&quot;el&quot;:&quot;.lakit-carousel__scrollbar_3fd0004&quot;},&quot;directionbkp&quot;:{&quot;desktop&quot;:&quot;horizontal&quot;,&quot;laptop&quot;:&quot;horizontal&quot;,&quot;tablet&quot;:&quot;horizontal&quot;,&quot;mobile_extra&quot;:&quot;horizontal&quot;},&quot;slidesToShow&quot;:{&quot;desktop&quot;:3,&quot;mobile&quot;:&quot;1&quot;,&quot;tablet&quot;:&quot;2&quot;,&quot;laptop&quot;:3,&quot;mobile_extra&quot;:&quot;2&quot;}}\" dir=\"ltr\" >\n    <div class=\"lakit-carousel-inner\">    <div class=\"lakit-bannerlist__list_wrapper swiper-container\" id=\"lakit_carousel_3fd0004\">\n        <div class=\"lakit-bannerlist__list swiper-wrapper\">\n            <div class=\"elementor-repeater-item-2dc2adf lakit-bannerlist__item swiper-slide\"><div class=\"lakit-bannerlist__inner\"><div class=\"lakit-bannerlist__link\"><div class=\"lakit-bannerlist__image\"><img loading=\"lazy\" decoding=\"async\" src=\"https:\/\/3c-brandschutz.ch\/wp-content\/uploads\/2026\/02\/isolie-1.jpeg\" loading=\"lazy\" class=\"lakit-bannerlist__image-instance\" width=\"1200\" height=\"1600\" alt=\"\" style=\"--img-height:1600px\"><\/div><\/div><\/div><\/div><div class=\"elementor-repeater-item-bf97b0a lakit-bannerlist__item swiper-slide\"><div class=\"lakit-bannerlist__inner\"><div class=\"lakit-bannerlist__link\"><div class=\"lakit-bannerlist__image\"><img loading=\"lazy\" decoding=\"async\" src=\"https:\/\/3c-brandschutz.ch\/wp-content\/uploads\/2026\/02\/isolie-2.jpeg\" loading=\"lazy\" class=\"lakit-bannerlist__image-instance\" width=\"1200\" height=\"1600\" alt=\"\" style=\"--img-height:1600px\"><\/div><\/div><\/div><\/div><div class=\"elementor-repeater-item-2c7de7c lakit-bannerlist__item swiper-slide\"><div class=\"lakit-bannerlist__inner\"><div class=\"lakit-bannerlist__link\"><div class=\"lakit-bannerlist__image\"><img loading=\"lazy\" decoding=\"async\" src=\"https:\/\/3c-brandschutz.ch\/wp-content\/uploads\/2026\/02\/isolie-3.jpeg\" loading=\"lazy\" class=\"lakit-bannerlist__image-instance\" width=\"1200\" height=\"1600\" alt=\"\" style=\"--img-height:1600px\"><\/div><\/div><\/div><\/div>        <\/div>\n    <\/div>\n    <\/div><div class=\"lakit-carousel__dots lakit-carousel__dots_3fd0004 swiper-pagination\"><\/div><\/div>\t\t\t\t<\/div>\n\t\t\t\t\t<\/div>\n\t\t\t\t<\/div>\n\t\t<div class=\"elementor-element elementor-element-90c8c6a e-flex e-con-boxed lakit-col-width-auto-no e-container e-root-container elementor-top-section e-con e-parent\" data-id=\"90c8c6a\" data-element_type=\"container\" data-e-type=\"container\" data-settings=\"{&quot;background_background&quot;:&quot;classic&quot;,&quot;background_motion_fx_motion_fx_scrolling&quot;:&quot;yes&quot;,&quot;background_motion_fx_translateY_effect&quot;:&quot;yes&quot;,&quot;background_motion_fx_translateY_speed&quot;:{&quot;unit&quot;:&quot;px&quot;,&quot;size&quot;:3,&quot;sizes&quot;:[]},&quot;background_motion_fx_translateY_affectedRange&quot;:{&quot;unit&quot;:&quot;%&quot;,&quot;size&quot;:&quot;&quot;,&quot;sizes&quot;:{&quot;start&quot;:20,&quot;end&quot;:80}},&quot;background_motion_fx_devices&quot;:[&quot;mobile&quot;,&quot;mobile_extra&quot;,&quot;tablet&quot;,&quot;laptop&quot;,&quot;desktop&quot;]}\">\n\t\t\t\t\t<div class=\"e-con-inner\">\n\t\t\t\t<div class=\"elementor-element elementor-element-583f0e4 elementor-widget elementor-widget-heading\" data-id=\"583f0e4\" data-element_type=\"widget\" data-e-type=\"widget\" data-widget_type=\"heading.default\">\n\t\t\t\t\t<h2 class=\"elementor-heading-title elementor-size-default\">WARUM UNS W\u00c4HLEN \u2013 Isolierungen<\/h2>\t\t\t\t<\/div>\n\t\t<div class=\"elementor-element elementor-element-f6b9947 e-con-full e-flex lakit-col-width-auto-no e-container e-con e-child\" data-id=\"f6b9947\" data-element_type=\"container\" data-e-type=\"container\">\n\t\t\t\t<div class=\"elementor-element elementor-element-20652f1 elementor-widget__width-initial lakit-equal-height-disable elementor-widget lastudio-kit elementor-lakit-icon-box\" data-id=\"20652f1\" data-element_type=\"widget\" data-e-type=\"widget\" data-widget_type=\"lakit-icon-box.default\">\n\t\t\t\t\t<div class=\"lakit-iconbox lakit-iconbox__icon-align-lefttitle elementor-animation- \"><div class=\"lakit-iconbox__box_header elementor-animation-\"><div class=\"lakit-iconbox__box_icon icon_pos_lefttitle\"><svg xmlns=\"http:\/\/www.w3.org\/2000\/svg\" width=\"57\" height=\"57\" fill=\"none\" viewBox=\"0 0 57 57\"><circle cx=\"28.5\" cy=\"28.5\" r=\"28.5\" fill=\"currentColor\"><\/circle><path fill=\"#fff\" d=\"m48.626 16.062-3.844-3.844c-.5-.5-1.312-.5-1.812 0L22.093 33.095l-8.061-8.062c-.5-.5-1.312-.5-1.812 0l-3.846 3.841c-.5.5-.5 1.312 0 1.812l12.812 12.813a1.287 1.287 0 0 0 1.814 0l25.626-25.623c.5-.5.5-1.312 0-1.812v-.002Z\"><\/path><\/svg><\/div><h3 class=\"lakit-iconbox__title\">ENERGIEEFFIZIENZ & KOMFORT<\/h3><\/div><div class=\"lakit-iconbox__box_body\"><div class=\"lakit-iconbox__desc\"><p>Professionelle Isolierungen reduzieren W\u00e4rmeverluste, senken Energiekosten und verbessern das Raumklima nachhaltig \u2013 f\u00fcr mehr Komfort und Effizienz.<\/p><\/div><\/div><\/div>\t\t\t\t<\/div>\n\t\t\t\t<div class=\"elementor-element elementor-element-94e86e8 elementor-widget__width-initial elementor-hidden-mobile elementor-widget-divider--view-line elementor-widget elementor-widget-divider\" data-id=\"94e86e8\" data-element_type=\"widget\" data-e-type=\"widget\" data-widget_type=\"divider.default\">\n\t\t\t\t\t\t\t<div class=\"elementor-divider\">\n\t\t\t<span class=\"elementor-divider-separator\">\n\t\t\t\t\t\t<\/span>\n\t\t<\/div>\n\t\t\t\t\t\t<\/div>\n\t\t\t\t<div class=\"elementor-element elementor-element-8df8f47 elementor-widget__width-initial lakit-equal-height-disable elementor-widget lastudio-kit elementor-lakit-icon-box\" data-id=\"8df8f47\" data-element_type=\"widget\" data-e-type=\"widget\" data-widget_type=\"lakit-icon-box.default\">\n\t\t\t\t\t<div class=\"lakit-iconbox lakit-iconbox__icon-align-lefttitle elementor-animation- \"><div class=\"lakit-iconbox__box_header elementor-animation-\"><div class=\"lakit-iconbox__box_icon icon_pos_lefttitle\"><svg xmlns=\"http:\/\/www.w3.org\/2000\/svg\" width=\"57\" height=\"57\" fill=\"none\" viewBox=\"0 0 57 57\"><circle cx=\"28.5\" cy=\"28.5\" r=\"28.5\" fill=\"currentColor\"><\/circle><path fill=\"#fff\" d=\"m48.626 16.062-3.844-3.844c-.5-.5-1.312-.5-1.812 0L22.093 33.095l-8.061-8.062c-.5-.5-1.312-.5-1.812 0l-3.846 3.841c-.5.5-.5 1.312 0 1.812l12.812 12.813a1.287 1.287 0 0 0 1.814 0l25.626-25.623c.5-.5.5-1.312 0-1.812v-.002Z\"><\/path><\/svg><\/div><h3 class=\"lakit-iconbox__title\">SCHALL- & W\u00c4RMESCHUTZ<\/h3><\/div><div class=\"lakit-iconbox__box_body\"><div class=\"lakit-iconbox__desc\"><p>Prioritizing the well-being of employees, clients, and the community by maintaining strict safety standards and practices.<\/p><\/div><\/div><\/div>\t\t\t\t<\/div>\n\t\t\t\t<div class=\"elementor-element elementor-element-43cb4eb elementor-widget__width-initial elementor-hidden-mobile elementor-widget-divider--view-line elementor-widget elementor-widget-divider\" data-id=\"43cb4eb\" data-element_type=\"widget\" data-e-type=\"widget\" data-widget_type=\"divider.default\">\n\t\t\t\t\t\t\t<div class=\"elementor-divider\">\n\t\t\t<span class=\"elementor-divider-separator\">\n\t\t\t\t\t\t<\/span>\n\t\t<\/div>\n\t\t\t\t\t\t<\/div>\n\t\t\t\t<div class=\"elementor-element elementor-element-ba3ab0e elementor-widget__width-initial lakit-equal-height-disable elementor-widget lastudio-kit elementor-lakit-icon-box\" data-id=\"ba3ab0e\" data-element_type=\"widget\" data-e-type=\"widget\" data-widget_type=\"lakit-icon-box.default\">\n\t\t\t\t\t<div class=\"lakit-iconbox lakit-iconbox__icon-align-lefttitle elementor-animation- \"><div class=\"lakit-iconbox__box_header elementor-animation-\"><div class=\"lakit-iconbox__box_icon icon_pos_lefttitle\"><svg xmlns=\"http:\/\/www.w3.org\/2000\/svg\" width=\"57\" height=\"57\" fill=\"none\" viewBox=\"0 0 57 57\"><circle cx=\"28.5\" cy=\"28.5\" r=\"28.5\" fill=\"currentColor\"><\/circle><path fill=\"#fff\" d=\"m48.626 16.062-3.844-3.844c-.5-.5-1.312-.5-1.812 0L22.093 33.095l-8.061-8.062c-.5-.5-1.312-.5-1.812 0l-3.846 3.841c-.5.5-.5 1.312 0 1.812l12.812 12.813a1.287 1.287 0 0 0 1.814 0l25.626-25.623c.5-.5.5-1.312 0-1.812v-.002Z\"><\/path><\/svg><\/div><h3 class=\"lakit-iconbox__title\">Quality<\/h3><\/div><div class=\"lakit-iconbox__box_body\"><div class=\"lakit-iconbox__desc\"><p>Wir verwenden gepr\u00fcfte D\u00e4mmstoffe und moderne Systeme, die langlebig, effizient und auf die jeweilige Anwendung abgestimmt sind.<\/p><\/div><\/div><\/div>\t\t\t\t<\/div>\n\t\t\t\t<div class=\"elementor-element elementor-element-28fcc3a elementor-widget__width-initial elementor-hidden-mobile elementor-widget-divider--view-line elementor-widget elementor-widget-divider\" data-id=\"28fcc3a\" data-element_type=\"widget\" data-e-type=\"widget\" data-widget_type=\"divider.default\">\n\t\t\t\t\t\t\t<div class=\"elementor-divider\">\n\t\t\t<span class=\"elementor-divider-separator\">\n\t\t\t\t\t\t<\/span>\n\t\t<\/div>\n\t\t\t\t\t\t<\/div>\n\t\t\t\t<div class=\"elementor-element elementor-element-dbecc69 elementor-widget__width-initial lakit-equal-height-disable elementor-widget lastudio-kit elementor-lakit-icon-box\" data-id=\"dbecc69\" data-element_type=\"widget\" data-e-type=\"widget\" data-widget_type=\"lakit-icon-box.default\">\n\t\t\t\t\t<div class=\"lakit-iconbox lakit-iconbox__icon-align-lefttitle elementor-animation- \"><div class=\"lakit-iconbox__box_header elementor-animation-\"><div class=\"lakit-iconbox__box_icon icon_pos_lefttitle\"><svg xmlns=\"http:\/\/www.w3.org\/2000\/svg\" width=\"57\" height=\"57\" fill=\"none\" viewBox=\"0 0 57 57\"><circle cx=\"28.5\" cy=\"28.5\" r=\"28.5\" fill=\"currentColor\"><\/circle><path fill=\"#fff\" d=\"m48.626 16.062-3.844-3.844c-.5-.5-1.312-.5-1.812 0L22.093 33.095l-8.061-8.062c-.5-.5-1.312-.5-1.812 0l-3.846 3.841c-.5.5-.5 1.312 0 1.812l12.812 12.813a1.287 1.287 0 0 0 1.814 0l25.626-25.623c.5-.5.5-1.312 0-1.812v-.002Z\"><\/path><\/svg><\/div><h3 class=\"lakit-iconbox__title\">INDIVIDUELLE KONZEPTE<\/h3><\/div><div class=\"lakit-iconbox__box_body\"><div class=\"lakit-iconbox__desc\"><p>Fostering a collaborative and supportive environment where all team members work together effectively to achieve common goals.<\/p><\/div><\/div><\/div>\t\t\t\t<\/div>\n\t\t\t\t<\/div>\n\t\t<div class=\"elementor-element elementor-element-c0767a6 e-flex e-con-boxed lakit-col-width-auto-no e-container e-con e-child\" data-id=\"c0767a6\" data-element_type=\"container\" data-e-type=\"container\">\n\t\t\t\t\t<div class=\"e-con-inner\">\n\t\t\t\t<div class=\"elementor-element elementor-element-2e19066 elementor-widget__width-initial elementor-widget lastudio-kit elementor-lakit-progress-bar\" data-id=\"2e19066\" data-element_type=\"widget\" data-e-type=\"widget\" data-widget_type=\"lakit-progress-bar.default\">\n\t\t\t\t\t<div class=\"lakit-progress-bar lakit-progress-bar-type-3\" data-percent=\"96\" data-type=\"type-3\">\n\t<div class=\"lakit-progress-bar__inner\">\n\t<div class=\"lakit-progress-bar__wrapper\">\n\t\t<div class=\"lakit-progress-bar__status-bar\">\n\t\t\t<div class=\"lakit-progress-bar__percent\"><span class=\"lakit-progress-bar__percent-value\">0<\/span><span class=\"lakit-progress-bar__percent-suffix\">&#37;<\/span><\/div>\n\t\t<\/div>\n\t<\/div>\n\t<div class=\"lakit-progress-bar__title\"><span class=\"lakit-progress-bar__title-text\">W\u00e4rmed\u00e4mmung<\/span><\/div>\n<\/div>\n<\/div>\n\t\t\t\t<\/div>\n\t\t\t\t<div class=\"elementor-element elementor-element-ec62960 elementor-widget__width-initial elementor-widget lastudio-kit elementor-lakit-progress-bar\" data-id=\"ec62960\" data-element_type=\"widget\" data-e-type=\"widget\" data-widget_type=\"lakit-progress-bar.default\">\n\t\t\t\t\t<div class=\"lakit-progress-bar lakit-progress-bar-type-3\" data-percent=\"92\" data-type=\"type-3\">\n\t<div class=\"lakit-progress-bar__inner\">\n\t<div class=\"lakit-progress-bar__wrapper\">\n\t\t<div class=\"lakit-progress-bar__status-bar\">\n\t\t\t<div class=\"lakit-progress-bar__percent\"><span class=\"lakit-progress-bar__percent-value\">0<\/span><span class=\"lakit-progress-bar__percent-suffix\">&#37;<\/span><\/div>\n\t\t<\/div>\n\t<\/div>\n\t<div class=\"lakit-progress-bar__title\"><span class=\"lakit-progress-bar__title-text\">Schallschutz<\/span><\/div>\n<\/div>\n<\/div>\n\t\t\t\t<\/div>\n\t\t\t\t\t<\/div>\n\t\t\t\t<\/div>\n\t\t<div class=\"elementor-element elementor-element-02c8d38 e-flex e-con-boxed lakit-col-width-auto-no e-container e-con e-child\" data-id=\"02c8d38\" data-element_type=\"container\" data-e-type=\"container\">\n\t\t\t\t\t<div class=\"e-con-inner\">\n\t\t\t\t<div class=\"elementor-element elementor-element-4ab7e34 elementor-widget__width-initial elementor-widget lastudio-kit elementor-lakit-progress-bar\" data-id=\"4ab7e34\" data-element_type=\"widget\" data-e-type=\"widget\" data-widget_type=\"lakit-progress-bar.default\">\n\t\t\t\t\t<div class=\"lakit-progress-bar lakit-progress-bar-type-3\" data-percent=\"88\" data-type=\"type-3\">\n\t<div class=\"lakit-progress-bar__inner\">\n\t<div class=\"lakit-progress-bar__wrapper\">\n\t\t<div class=\"lakit-progress-bar__status-bar\">\n\t\t\t<div class=\"lakit-progress-bar__percent\"><span class=\"lakit-progress-bar__percent-value\">0<\/span><span class=\"lakit-progress-bar__percent-suffix\">&#37;<\/span><\/div>\n\t\t<\/div>\n\t<\/div>\n\t<div class=\"lakit-progress-bar__title\"><span class=\"lakit-progress-bar__title-text\">Materialeffizienz<\/span><\/div>\n<\/div>\n<\/div>\n\t\t\t\t<\/div>\n\t\t\t\t<div class=\"elementor-element elementor-element-39b7e2e elementor-widget__width-initial elementor-widget lastudio-kit elementor-lakit-progress-bar\" data-id=\"39b7e2e\" data-element_type=\"widget\" data-e-type=\"widget\" data-widget_type=\"lakit-progress-bar.default\">\n\t\t\t\t\t<div class=\"lakit-progress-bar lakit-progress-bar-type-3\" data-percent=\"93\" data-type=\"type-3\">\n\t<div class=\"lakit-progress-bar__inner\">\n\t<div class=\"lakit-progress-bar__wrapper\">\n\t\t<div class=\"lakit-progress-bar__status-bar\">\n\t\t\t<div class=\"lakit-progress-bar__percent\"><span class=\"lakit-progress-bar__percent-value\">0<\/span><span class=\"lakit-progress-bar__percent-suffix\">&#37;<\/span><\/div>\n\t\t<\/div>\n\t<\/div>\n\t<div class=\"lakit-progress-bar__title\"><span class=\"lakit-progress-bar__title-text\">Nachhaltigkeit<\/span><\/div>\n<\/div>\n<\/div>\n\t\t\t\t<\/div>\n\t\t\t\t\t<\/div>\n\t\t\t\t<\/div>\n\t\t\t\t\t<\/div>\n\t\t\t\t<\/div>\n\t\t\t\t<\/div>\n\t\t","protected":false},"excerpt":{"rendered":"<p>Isolierungen Zuverl\u00e4ssiger Brandschutz f\u00fcr Mensch und Objekt. 3C Isolierungen Was wir machen WARUM UNS W\u00c4HLEN \u2013 Isolierungen ENERGIEEFFIZIENZ &#038; KOMFORT Professionelle Isolierungen reduzieren W\u00e4rmeverluste, senken Energiekosten und verbessern das Raumklima nachhaltig \u2013 f\u00fcr mehr Komfort und Effizienz. SCHALL- &#038; W\u00c4RMESCHUTZ Prioritizing the well-being of employees, clients, and the community by&hellip;<\/p>\n","protected":false},"author":1,"featured_media":0,"parent":0,"menu_order":0,"comment_status":"closed","ping_status":"closed","template":"","meta":{"footnotes":""},"class_list":["post-1863","page","type-page","status-publish","hentry"],"_links":{"self":[{"href":"https:\/\/3c-brandschutz.ch\/index.php\/wp-json\/wp\/v2\/pages\/1863","targetHints":{"allow":["GET"]}}],"collection":[{"href":"https:\/\/3c-brandschutz.ch\/index.php\/wp-json\/wp\/v2\/pages"}],"about":[{"href":"https:\/\/3c-brandschutz.ch\/index.php\/wp-json\/wp\/v2\/types\/page"}],"author":[{"embeddable":true,"href":"https:\/\/3c-brandschutz.ch\/index.php\/wp-json\/wp\/v2\/users\/1"}],"replies":[{"embeddable":true,"href":"https:\/\/3c-brandschutz.ch\/index.php\/wp-json\/wp\/v2\/comments?post=1863"}],"version-history":[{"count":16,"href":"https:\/\/3c-brandschutz.ch\/index.php\/wp-json\/wp\/v2\/pages\/1863\/revisions"}],"predecessor-version":[{"id":2166,"href":"https:\/\/3c-brandschutz.ch\/index.php\/wp-json\/wp\/v2\/pages\/1863\/revisions\/2166"}],"wp:attachment":[{"href":"https:\/\/3c-brandschutz.ch\/index.php\/wp-json\/wp\/v2\/media?parent=1863"}],"curies":[{"name":"wp","href":"https:\/\/api.w.org\/{rel}","templated":true}]}}